{"id":12066,"date":"2021-01-18T15:47:17","date_gmt":"2021-01-18T14:47:17","guid":{"rendered":"https:\/\/hmu.design\/?post_type=product&#038;p=12066"},"modified":"2026-02-20T17:15:35","modified_gmt":"2026-02-20T16:15:35","slug":"bwz-7-wallet-with-phone-case","status":"publish","type":"product","link":"https:\/\/hmu.design\/en\/product\/bwz-7-wallet-with-phone-case\/","title":{"rendered":"BWZ #7 WALLET WITH PHONE CASE"},"content":{"rendered":"<p>diese multifunktionale tasche agiert als geldb\u00f6rse und handytasche in einem und ist in einem schlichten schwarz-wei\u00df look* gehalten. die geldb\u00f6rse besitzt kleingeld- und geldscheinf\u00e4cher, kartenschlitze und ein tarnsparentes fach f\u00fcr den personalausweis.<\/p>\n<p>&nbsp;<\/p>\n<p>*die zusammensetzung des musters kann individuell abweichungen aufweisen<\/p>","protected":false},"excerpt":{"rendered":"<p>handytasche und geldb\u00f6rse in einem schlichten schwarz-wei\u00df look*<\/p>","protected":false},"featured_media":12042,"comment_status":"open","ping_status":"closed","template":"","meta":{"_acf_changed":false},"product_brand":[],"product_cat":[108,175],"product_tag":[95,107,46,94,89,91,113,137,52,173,96,47,174,90,100,118,119,187,188],"class_list":{"0":"post-12066","1":"product","2":"type-product","3":"status-publish","4":"has-post-thumbnail","6":"product_cat-small-bags","7":"product_cat-wallets","8":"product_tag-artisan","9":"product_tag-baumwolle","10":"product_tag-black","11":"product_tag-cambodia","12":"product_tag-clutch","13":"product_tag-cotton","14":"product_tag-geldboerse","15":"product_tag-handarbeit","16":"product_tag-handgemacht","17":"product_tag-handgewebt","18":"product_tag-handicraft","19":"product_tag-handmade","20":"product_tag-handwoven","21":"product_tag-ikat","22":"product_tag-kambodscha","23":"product_tag-weiss","24":"product_tag-white","25":"product_tag-zickzack","26":"product_tag-zig-zag","28":"first","29":"onbackorder","30":"purchasable","31":"product-type-simple"},"acf":[],"_links":{"self":[{"href":"https:\/\/hmu.design\/en\/wp-json\/wp\/v2\/product\/12066","targetHints":{"allow":["GET"]}}],"collection":[{"href":"https:\/\/hmu.design\/en\/wp-json\/wp\/v2\/product"}],"about":[{"href":"https:\/\/hmu.design\/en\/wp-json\/wp\/v2\/types\/product"}],"replies":[{"embeddable":true,"href":"https:\/\/hmu.design\/en\/wp-json\/wp\/v2\/comments?post=12066"}],"wp:featuredmedia":[{"embeddable":true,"href":"https:\/\/hmu.design\/en\/wp-json\/wp\/v2\/media\/12042"}],"wp:attachment":[{"href":"https:\/\/hmu.design\/en\/wp-json\/wp\/v2\/media?parent=12066"}],"wp:term":[{"taxonomy":"product_brand","embeddable":true,"href":"https:\/\/hmu.design\/en\/wp-json\/wp\/v2\/product_brand?post=12066"},{"taxonomy":"product_cat","embeddable":true,"href":"https:\/\/hmu.design\/en\/wp-json\/wp\/v2\/product_cat?post=12066"},{"taxonomy":"product_tag","embeddable":true,"href":"https:\/\/hmu.design\/en\/wp-json\/wp\/v2\/product_tag?post=12066"}],"curies":[{"name":"wp","href":"https:\/\/api.w.org\/{rel}","templated":true}]}}