{"id":12063,"date":"2021-01-18T15:34:07","date_gmt":"2021-01-18T14:34:07","guid":{"rendered":"https:\/\/hmu.design\/?post_type=product&#038;p=12063"},"modified":"2025-03-25T16:41:40","modified_gmt":"2025-03-25T15:41:40","slug":"bwz-6-traveller","status":"publish","type":"product","link":"https:\/\/hmu.design\/en\/product\/bwz-6-traveller\/","title":{"rendered":"BWZ #6 TRAVELLER"},"content":{"rendered":"<p>diese gro\u00dfraumtasche eigent sich perfekt als sport- oder reisetasche und ist in einem schlichten schwarz-wei\u00df look* gehalten. au\u00dfen befinden sich zwei taschen, die jeweils mit einem rei\u00dfverschluss zu verschlie\u00dfen sind.\u00a0 besonders praktisch ist der zweiseitige rei\u00dfverschluss und der abnehmbare tragegurt.<\/p>","protected":false},"excerpt":{"rendered":"<p>gro\u00dfraumtasche in einem schlichten schwarz-wei\u00df look* mit aufgesetzten taschen und abnehmbarem tragegurt.<\/p>","protected":false},"featured_media":12039,"comment_status":"open","ping_status":"closed","template":"","meta":{"_acf_changed":false},"product_brand":[],"product_cat":[105],"product_tag":[95,107,46,94,137,52,173,96,47,174,90,100,129,165,128,164,168,118,119,187,188],"class_list":{"0":"post-12063","1":"product","2":"type-product","3":"status-publish","4":"has-post-thumbnail","6":"product_cat-sport-travel-bags","7":"product_tag-artisan","8":"product_tag-baumwolle","9":"product_tag-black","10":"product_tag-cambodia","11":"product_tag-handarbeit","12":"product_tag-handgemacht","13":"product_tag-handgewebt","14":"product_tag-handicraft","15":"product_tag-handmade","16":"product_tag-handwoven","17":"product_tag-ikat","18":"product_tag-kambodscha","19":"product_tag-reisetasche","20":"product_tag-sports-bag","21":"product_tag-sporttasche","22":"product_tag-travel-bag","23":"product_tag-traveller","24":"product_tag-weiss","25":"product_tag-white","26":"product_tag-zickzack","27":"product_tag-zig-zag","29":"first","30":"onbackorder","31":"purchasable","32":"product-type-simple"},"acf":[],"_links":{"self":[{"href":"https:\/\/hmu.design\/en\/wp-json\/wp\/v2\/product\/12063","targetHints":{"allow":["GET"]}}],"collection":[{"href":"https:\/\/hmu.design\/en\/wp-json\/wp\/v2\/product"}],"about":[{"href":"https:\/\/hmu.design\/en\/wp-json\/wp\/v2\/types\/product"}],"replies":[{"embeddable":true,"href":"https:\/\/hmu.design\/en\/wp-json\/wp\/v2\/comments?post=12063"}],"wp:featuredmedia":[{"embeddable":true,"href":"https:\/\/hmu.design\/en\/wp-json\/wp\/v2\/media\/12039"}],"wp:attachment":[{"href":"https:\/\/hmu.design\/en\/wp-json\/wp\/v2\/media?parent=12063"}],"wp:term":[{"taxonomy":"product_brand","embeddable":true,"href":"https:\/\/hmu.design\/en\/wp-json\/wp\/v2\/product_brand?post=12063"},{"taxonomy":"product_cat","embeddable":true,"href":"https:\/\/hmu.design\/en\/wp-json\/wp\/v2\/product_cat?post=12063"},{"taxonomy":"product_tag","embeddable":true,"href":"https:\/\/hmu.design\/en\/wp-json\/wp\/v2\/product_tag?post=12063"}],"curies":[{"name":"wp","href":"https:\/\/api.w.org\/{rel}","templated":true}]}}