{"id":12062,"date":"2021-01-18T15:31:16","date_gmt":"2021-01-18T14:31:16","guid":{"rendered":"https:\/\/hmu.design\/?post_type=product&#038;p=12062"},"modified":"2026-02-21T03:23:29","modified_gmt":"2026-02-21T02:23:29","slug":"bwz-5-flap-bag","status":"publish","type":"product","link":"https:\/\/hmu.design\/en\/product\/bwz-5-flap-bag\/","title":{"rendered":"BWZ #5 FLAP BAG"},"content":{"rendered":"<p>die crossbody bag ist in einem schlichten schwarz-wei\u00df look* gehalten und besitzt aufgesetzte taschen f\u00fcr handy, lippenstift, kugelschreiber, oder schl\u00fcssel, sowie einen abnehmbaren tragegurt und druckknopfe als verschluss.<\/p>\n<p>&nbsp;<\/p>\n<p>*die zusammensetzung des musters kann individuell abweichungen aufweisen<\/p>","protected":false},"excerpt":{"rendered":"<p>crossbody bag in einem schlichten schwarz-wei\u00df look* mit aufgesetzten taschen und abnehmbarem tragegurt.<\/p>","protected":false},"featured_media":12036,"comment_status":"open","ping_status":"closed","template":"","meta":{"_acf_changed":false},"product_brand":[],"product_cat":[108],"product_tag":[95,107,46,94,91,137,52,173,96,47,133,174,90,100,118,119,187,188],"class_list":{"0":"post-12062","1":"product","2":"type-product","3":"status-publish","4":"has-post-thumbnail","6":"product_cat-small-bags","7":"product_tag-artisan","8":"product_tag-baumwolle","9":"product_tag-black","10":"product_tag-cambodia","11":"product_tag-cotton","12":"product_tag-handarbeit","13":"product_tag-handgemacht","14":"product_tag-handgewebt","15":"product_tag-handicraft","16":"product_tag-handmade","17":"product_tag-handtasche","18":"product_tag-handwoven","19":"product_tag-ikat","20":"product_tag-kambodscha","21":"product_tag-weiss","22":"product_tag-white","23":"product_tag-zickzack","24":"product_tag-zig-zag","26":"first","27":"onbackorder","28":"purchasable","29":"product-type-simple"},"acf":[],"_links":{"self":[{"href":"https:\/\/hmu.design\/en\/wp-json\/wp\/v2\/product\/12062","targetHints":{"allow":["GET"]}}],"collection":[{"href":"https:\/\/hmu.design\/en\/wp-json\/wp\/v2\/product"}],"about":[{"href":"https:\/\/hmu.design\/en\/wp-json\/wp\/v2\/types\/product"}],"replies":[{"embeddable":true,"href":"https:\/\/hmu.design\/en\/wp-json\/wp\/v2\/comments?post=12062"}],"wp:featuredmedia":[{"embeddable":true,"href":"https:\/\/hmu.design\/en\/wp-json\/wp\/v2\/media\/12036"}],"wp:attachment":[{"href":"https:\/\/hmu.design\/en\/wp-json\/wp\/v2\/media?parent=12062"}],"wp:term":[{"taxonomy":"product_brand","embeddable":true,"href":"https:\/\/hmu.design\/en\/wp-json\/wp\/v2\/product_brand?post=12062"},{"taxonomy":"product_cat","embeddable":true,"href":"https:\/\/hmu.design\/en\/wp-json\/wp\/v2\/product_cat?post=12062"},{"taxonomy":"product_tag","embeddable":true,"href":"https:\/\/hmu.design\/en\/wp-json\/wp\/v2\/product_tag?post=12062"}],"curies":[{"name":"wp","href":"https:\/\/api.w.org\/{rel}","templated":true}]}}