{"id":12057,"date":"2021-01-18T13:47:05","date_gmt":"2021-01-18T12:47:05","guid":{"rendered":"https:\/\/hmu.design\/?post_type=product&#038;p=12057"},"modified":"2025-03-25T16:41:38","modified_gmt":"2025-03-25T15:41:38","slug":"bwz-4-trapeze-tote-bag","status":"publish","type":"product","link":"https:\/\/hmu.design\/en\/product\/bwz-4-trapeze-tote-bag\/","title":{"rendered":"BWZ #4 TRAPEZE TOTE BAG"},"content":{"rendered":"<p>diese trapezef\u00f6rmige henkeltasche ist in einem schlichten schwarz-wei\u00df look* gehalten und wird mit einem kleinen m\u00fcnzportemonnaie geliefert. im innenleben befindet sich eine tasche, die sich mit einem rei\u00dfverschluss schlie\u00dfen l\u00e4sst.<\/p>\n<p>&nbsp;<\/p>\n<p>*die zusammensetzung des musters kann individuell leichte abweichungen aufweisen<\/p>","protected":false},"excerpt":{"rendered":"<p>trapezef\u00f6rmige henkeltasche in einem schlichten schwarz-wei\u00df look*<\/p>","protected":false},"featured_media":12025,"comment_status":"open","ping_status":"closed","template":"","meta":{"_acf_changed":false},"product_brand":[],"product_cat":[33],"product_tag":[95,107,46,94,91,191,137,52,173,96,47,133,174,90,100,189,116,192,134,190,119,187,188],"class_list":{"0":"post-12057","1":"product","2":"type-product","3":"status-publish","4":"has-post-thumbnail","6":"product_cat-tote-bags","7":"product_tag-artisan","8":"product_tag-baumwolle","9":"product_tag-black","10":"product_tag-cambodia","11":"product_tag-cotton","12":"product_tag-craft","13":"product_tag-handarbeit","14":"product_tag-handgemacht","15":"product_tag-handgewebt","16":"product_tag-handicraft","17":"product_tag-handmade","18":"product_tag-handtasche","19":"product_tag-handwoven","20":"product_tag-ikat","21":"product_tag-kambodscha","22":"product_tag-shopper","23":"product_tag-tote-bag","24":"product_tag-trapez","25":"product_tag-trapeze","26":"product_tag-webung","27":"product_tag-white","28":"product_tag-zickzack","29":"product_tag-zig-zag","31":"first","32":"onbackorder","33":"purchasable","34":"product-type-simple"},"acf":[],"_links":{"self":[{"href":"https:\/\/hmu.design\/en\/wp-json\/wp\/v2\/product\/12057","targetHints":{"allow":["GET"]}}],"collection":[{"href":"https:\/\/hmu.design\/en\/wp-json\/wp\/v2\/product"}],"about":[{"href":"https:\/\/hmu.design\/en\/wp-json\/wp\/v2\/types\/product"}],"replies":[{"embeddable":true,"href":"https:\/\/hmu.design\/en\/wp-json\/wp\/v2\/comments?post=12057"}],"wp:featuredmedia":[{"embeddable":true,"href":"https:\/\/hmu.design\/en\/wp-json\/wp\/v2\/media\/12025"}],"wp:attachment":[{"href":"https:\/\/hmu.design\/en\/wp-json\/wp\/v2\/media?parent=12057"}],"wp:term":[{"taxonomy":"product_brand","embeddable":true,"href":"https:\/\/hmu.design\/en\/wp-json\/wp\/v2\/product_brand?post=12057"},{"taxonomy":"product_cat","embeddable":true,"href":"https:\/\/hmu.design\/en\/wp-json\/wp\/v2\/product_cat?post=12057"},{"taxonomy":"product_tag","embeddable":true,"href":"https:\/\/hmu.design\/en\/wp-json\/wp\/v2\/product_tag?post=12057"}],"curies":[{"name":"wp","href":"https:\/\/api.w.org\/{rel}","templated":true}]}}